{"id":8,"date":"2021-10-23T16:56:15","date_gmt":"2021-10-23T16:56:15","guid":{"rendered":"https:\/\/laboratoriomaturi.com.ar\/?page_id=8"},"modified":"2021-11-29T19:56:34","modified_gmt":"2021-11-29T22:56:34","slug":"laboratorio-maturi","status":"publish","type":"page","link":"https:\/\/laboratoriomaturi.com.ar\/","title":{"rendered":"Acerca del Laboratorio"},"content":{"rendered":"\n<div class=\"wp-block-columns is-layout-flex wp-container-core-columns-is-layout-9d6595d7 wp-block-columns-is-layout-flex\">\n<div class=\"wp-block-column is-layout-flow wp-block-column-is-layout-flow\">\n<p class=\"has-medium-font-size\"><strong>Misi\u00f3n:<\/strong> Laboratorio Maturi es un laboratorio m\u00e9dico de Anatom\u00eda Patol\u00f3gica, Inmunohistoqu\u00edmica y Biolog\u00eda Molecular cuyo objetivo es el diagn\u00f3stico, en base al estudio morfol\u00f3gico, histol\u00f3gico, citol\u00f3gico, inmunohistoquimico y molecular, en muestras citol\u00f3gicas y de tejidos.<\/p>\n\n\n\n<p class=\"has-medium-font-size\">Nuestro objetivo es proporcionar un diagn\u00f3stico preciso y de calidad para cada uno de nuestros pacientes.<\/p>\n<\/div>\n\n\n\n<div class=\"wp-block-column is-layout-flow wp-block-column-is-layout-flow\">\n<p class=\"has-medium-font-size\"><strong>Experiencia<\/strong>: Contamos con experiencia profesional ofreciendo nuestro servicio con m\u00e1s de 68 a\u00f1os de trayectoria profesional en su vertiente diagn\u00f3stica, cient\u00edfica y acad\u00e9mica, habiendo sido el primer laboratorio m\u00e1s austral del pa\u00eds en esta especialidad.<\/p>\n\n\n\n<p class=\"has-medium-font-size\">Con nuestro trabajo, dedicaci\u00f3n y motivaci\u00f3n pretendemos responder a las necesidades actuales de la medicina y mantenernos en la vanguardia del campo diagn\u00f3stico.<\/p>\n<\/div>\n<\/div>\n\n\n\n<div class=\"wp-block-columns is-layout-flex wp-container-core-columns-is-layout-9d6595d7 wp-block-columns-is-layout-flex\">\n<div class=\"wp-block-column is-layout-flow wp-block-column-is-layout-flow\">\n<figure class=\"wp-block-image size-large is-style-rounded\"><a href=\"https:\/\/laboratoriomaturi.com.ar\/?page_id=17\"><img loading=\"lazy\" decoding=\"async\" width=\"1024\" height=\"683\" src=\"https:\/\/laboratoriomaturi.com.ar\/wp-content\/uploads\/2021\/10\/instructivos-1024x683.jpg\" alt=\"\" class=\"wp-image-11\" srcset=\"https:\/\/laboratoriomaturi.com.ar\/wp-content\/uploads\/2021\/10\/instructivos-1024x683.jpg 1024w, https:\/\/laboratoriomaturi.com.ar\/wp-content\/uploads\/2021\/10\/instructivos-300x200.jpg 300w, https:\/\/laboratoriomaturi.com.ar\/wp-content\/uploads\/2021\/10\/instructivos-768x512.jpg 768w, https:\/\/laboratoriomaturi.com.ar\/wp-content\/uploads\/2021\/10\/instructivos-1536x1024.jpg 1536w, https:\/\/laboratoriomaturi.com.ar\/wp-content\/uploads\/2021\/10\/instructivos-2048x1365.jpg 2048w\" sizes=\"auto, (max-width: 1024px) 100vw, 1024px\" \/><\/a><\/figure>\n\n\n\n<p class=\"has-text-align-center\" style=\"font-size:1.5em\">Instructivos<\/p>\n<\/div>\n\n\n\n<div class=\"wp-block-column is-layout-flow wp-block-column-is-layout-flow\">\n<figure class=\"wp-block-image size-full is-style-rounded\"><a href=\"https:\/\/laboratoriomaturi.com.ar\/?page_id=21\"><img loading=\"lazy\" decoding=\"async\" width=\"640\" height=\"423\" src=\"https:\/\/laboratoriomaturi.com.ar\/wp-content\/uploads\/2021\/10\/contact-us-2993000_640.jpg\" alt=\"\" class=\"wp-image-12\" srcset=\"https:\/\/laboratoriomaturi.com.ar\/wp-content\/uploads\/2021\/10\/contact-us-2993000_640.jpg 640w, https:\/\/laboratoriomaturi.com.ar\/wp-content\/uploads\/2021\/10\/contact-us-2993000_640-300x198.jpg 300w\" sizes=\"auto, (max-width: 640px) 100vw, 640px\" \/><\/a><\/figure>\n\n\n\n<p class=\"has-text-align-center\" style=\"font-size:1.5em\">Contacto<\/p>\n<\/div>\n\n\n\n<div class=\"wp-block-column is-layout-flow wp-block-column-is-layout-flow\">\n<figure class=\"wp-block-image size-full is-style-rounded\"><a href=\"https:\/\/laboratoriomaturi.com.ar\/?page_id=33\"><img loading=\"lazy\" decoding=\"async\" width=\"640\" height=\"426\" src=\"https:\/\/laboratoriomaturi.com.ar\/wp-content\/uploads\/2021\/10\/blogger-336371_640.jpg\" alt=\"\" class=\"wp-image-13\" srcset=\"https:\/\/laboratoriomaturi.com.ar\/wp-content\/uploads\/2021\/10\/blogger-336371_640.jpg 640w, https:\/\/laboratoriomaturi.com.ar\/wp-content\/uploads\/2021\/10\/blogger-336371_640-300x200.jpg 300w\" sizes=\"auto, (max-width: 640px) 100vw, 640px\" \/><\/a><\/figure>\n\n\n\n<p class=\"has-text-align-center\" style=\"font-size:1.5em\">Informes Online<\/p>\n<\/div>\n<\/div>\n","protected":false},"excerpt":{"rendered":"<p>Misi\u00f3n: Laboratorio Maturi es un laboratorio m\u00e9dico de Anatom\u00eda Patol\u00f3gica, Inmunohistoqu\u00edmica y Biolog\u00eda Molecular cuyo objetivo es el diagn\u00f3stico, en base al estudio morfol\u00f3gico, histol\u00f3gico, citol\u00f3gico, inmunohistoquimico y molecular, en muestras citol\u00f3gicas y de tejidos. Nuestro objetivo es proporcionar un <a href=\"https:\/\/laboratoriomaturi.com.ar\/\" class=\"read-more\">Read More &#8230;<\/a><\/p>\n","protected":false},"author":1,"featured_media":0,"parent":0,"menu_order":0,"comment_status":"closed","ping_status":"closed","template":"","meta":{"footnotes":""},"class_list":["post-8","page","type-page","status-publish","hentry"],"yoast_head":"<!-- This site is optimized with the Yoast SEO plugin v21.6 - https:\/\/yoast.com\/wordpress\/plugins\/seo\/ -->\n<title>Acerca del Laboratorio - Laboratorio Maturi<\/title>\n<meta name=\"robots\" content=\"index, follow, max-snippet:-1, max-image-preview:large, max-video-preview:-1\" \/>\n<link rel=\"canonical\" href=\"https:\/\/laboratoriomaturi.com.ar\/\" \/>\n<meta property=\"og:locale\" content=\"es_ES\" \/>\n<meta property=\"og:type\" content=\"article\" \/>\n<meta property=\"og:title\" content=\"Acerca del Laboratorio - Laboratorio Maturi\" \/>\n<meta property=\"og:description\" content=\"Misi\u00f3n: Laboratorio Maturi es un laboratorio m\u00e9dico de Anatom\u00eda Patol\u00f3gica, Inmunohistoqu\u00edmica y Biolog\u00eda Molecular cuyo objetivo es el diagn\u00f3stico, en base al estudio morfol\u00f3gico, histol\u00f3gico, citol\u00f3gico, inmunohistoquimico y molecular, en muestras citol\u00f3gicas y de tejidos. Nuestro objetivo es proporcionar un Read More ...\" \/>\n<meta property=\"og:url\" content=\"https:\/\/laboratoriomaturi.com.ar\/\" \/>\n<meta property=\"og:site_name\" content=\"Laboratorio Maturi\" \/>\n<meta property=\"article:modified_time\" content=\"2021-11-29T22:56:34+00:00\" \/>\n<meta property=\"og:image\" content=\"https:\/\/laboratoriomaturi.com.ar\/wp-content\/uploads\/2021\/10\/instructivos-1024x683.jpg\" \/>\n<meta name=\"twitter:card\" content=\"summary_large_image\" \/>\n<meta name=\"twitter:label1\" content=\"Tiempo de lectura\" \/>\n\t<meta name=\"twitter:data1\" content=\"2 minutos\" \/>\n<script type=\"application\/ld+json\" class=\"yoast-schema-graph\">{\"@context\":\"https:\/\/schema.org\",\"@graph\":[{\"@type\":\"WebPage\",\"@id\":\"https:\/\/laboratoriomaturi.com.ar\/\",\"url\":\"https:\/\/laboratoriomaturi.com.ar\/\",\"name\":\"Acerca del Laboratorio - Laboratorio Maturi\",\"isPartOf\":{\"@id\":\"https:\/\/laboratoriomaturi.com.ar\/#website\"},\"datePublished\":\"2021-10-23T16:56:15+00:00\",\"dateModified\":\"2021-11-29T22:56:34+00:00\",\"breadcrumb\":{\"@id\":\"https:\/\/laboratoriomaturi.com.ar\/#breadcrumb\"},\"inLanguage\":\"es-AR\",\"potentialAction\":[{\"@type\":\"ReadAction\",\"target\":[\"https:\/\/laboratoriomaturi.com.ar\/\"]}]},{\"@type\":\"BreadcrumbList\",\"@id\":\"https:\/\/laboratoriomaturi.com.ar\/#breadcrumb\",\"itemListElement\":[{\"@type\":\"ListItem\",\"position\":1,\"name\":\"Inicio\",\"item\":\"https:\/\/laboratoriomaturi.com.ar\/\"},{\"@type\":\"ListItem\",\"position\":2,\"name\":\"Acerca del Laboratorio\"}]},{\"@type\":\"WebSite\",\"@id\":\"https:\/\/laboratoriomaturi.com.ar\/#website\",\"url\":\"https:\/\/laboratoriomaturi.com.ar\/\",\"name\":\"Laboratorio Maturi\",\"description\":\"Laboratorio Patol\u00f3gico\",\"potentialAction\":[{\"@type\":\"SearchAction\",\"target\":{\"@type\":\"EntryPoint\",\"urlTemplate\":\"https:\/\/laboratoriomaturi.com.ar\/?s={search_term_string}\"},\"query-input\":\"required name=search_term_string\"}],\"inLanguage\":\"es-AR\"}]}<\/script>\n<!-- \/ Yoast SEO plugin. -->","yoast_head_json":{"title":"Acerca del Laboratorio - Laboratorio Maturi","robots":{"index":"index","follow":"follow","max-snippet":"max-snippet:-1","max-image-preview":"max-image-preview:large","max-video-preview":"max-video-preview:-1"},"canonical":"https:\/\/laboratoriomaturi.com.ar\/","og_locale":"es_ES","og_type":"article","og_title":"Acerca del Laboratorio - Laboratorio Maturi","og_description":"Misi\u00f3n: Laboratorio Maturi es un laboratorio m\u00e9dico de Anatom\u00eda Patol\u00f3gica, Inmunohistoqu\u00edmica y Biolog\u00eda Molecular cuyo objetivo es el diagn\u00f3stico, en base al estudio morfol\u00f3gico, histol\u00f3gico, citol\u00f3gico, inmunohistoquimico y molecular, en muestras citol\u00f3gicas y de tejidos. Nuestro objetivo es proporcionar un Read More ...","og_url":"https:\/\/laboratoriomaturi.com.ar\/","og_site_name":"Laboratorio Maturi","article_modified_time":"2021-11-29T22:56:34+00:00","og_image":[{"url":"https:\/\/laboratoriomaturi.com.ar\/wp-content\/uploads\/2021\/10\/instructivos-1024x683.jpg"}],"twitter_card":"summary_large_image","twitter_misc":{"Tiempo de lectura":"2 minutos"},"schema":{"@context":"https:\/\/schema.org","@graph":[{"@type":"WebPage","@id":"https:\/\/laboratoriomaturi.com.ar\/","url":"https:\/\/laboratoriomaturi.com.ar\/","name":"Acerca del Laboratorio - Laboratorio Maturi","isPartOf":{"@id":"https:\/\/laboratoriomaturi.com.ar\/#website"},"datePublished":"2021-10-23T16:56:15+00:00","dateModified":"2021-11-29T22:56:34+00:00","breadcrumb":{"@id":"https:\/\/laboratoriomaturi.com.ar\/#breadcrumb"},"inLanguage":"es-AR","potentialAction":[{"@type":"ReadAction","target":["https:\/\/laboratoriomaturi.com.ar\/"]}]},{"@type":"BreadcrumbList","@id":"https:\/\/laboratoriomaturi.com.ar\/#breadcrumb","itemListElement":[{"@type":"ListItem","position":1,"name":"Inicio","item":"https:\/\/laboratoriomaturi.com.ar\/"},{"@type":"ListItem","position":2,"name":"Acerca del Laboratorio"}]},{"@type":"WebSite","@id":"https:\/\/laboratoriomaturi.com.ar\/#website","url":"https:\/\/laboratoriomaturi.com.ar\/","name":"Laboratorio Maturi","description":"Laboratorio Patol\u00f3gico","potentialAction":[{"@type":"SearchAction","target":{"@type":"EntryPoint","urlTemplate":"https:\/\/laboratoriomaturi.com.ar\/?s={search_term_string}"},"query-input":"required name=search_term_string"}],"inLanguage":"es-AR"}]}},"_links":{"self":[{"href":"https:\/\/laboratoriomaturi.com.ar\/index.php?rest_route=\/wp\/v2\/pages\/8","targetHints":{"allow":["GET"]}}],"collection":[{"href":"https:\/\/laboratoriomaturi.com.ar\/index.php?rest_route=\/wp\/v2\/pages"}],"about":[{"href":"https:\/\/laboratoriomaturi.com.ar\/index.php?rest_route=\/wp\/v2\/types\/page"}],"author":[{"embeddable":true,"href":"https:\/\/laboratoriomaturi.com.ar\/index.php?rest_route=\/wp\/v2\/users\/1"}],"replies":[{"embeddable":true,"href":"https:\/\/laboratoriomaturi.com.ar\/index.php?rest_route=%2Fwp%2Fv2%2Fcomments&post=8"}],"version-history":[{"count":8,"href":"https:\/\/laboratoriomaturi.com.ar\/index.php?rest_route=\/wp\/v2\/pages\/8\/revisions"}],"predecessor-version":[{"id":65,"href":"https:\/\/laboratoriomaturi.com.ar\/index.php?rest_route=\/wp\/v2\/pages\/8\/revisions\/65"}],"wp:attachment":[{"href":"https:\/\/laboratoriomaturi.com.ar\/index.php?rest_route=%2Fwp%2Fv2%2Fmedia&parent=8"}],"curies":[{"name":"wp","href":"https:\/\/api.w.org\/{rel}","templated":true}]}}