{"id":19,"date":"2021-10-23T14:15:09","date_gmt":"2021-10-23T17:15:09","guid":{"rendered":"https:\/\/laboratoriomaturi.com.ar\/?page_id=19"},"modified":"2025-05-15T18:35:00","modified_gmt":"2025-05-15T21:35:00","slug":"personal-del-laboratorio","status":"publish","type":"page","link":"https:\/\/laboratoriomaturi.com.ar\/?page_id=19","title":{"rendered":"Personal del Laboratorio"},"content":{"rendered":"\n<div class=\"wp-block-columns is-layout-flex wp-container-core-columns-is-layout-9d6595d7 wp-block-columns-is-layout-flex\">\n<div class=\"wp-block-column is-layout-flow wp-block-column-is-layout-flow\">\n<h3 class=\"wp-block-heading has-text-align-center\" style=\"font-size:2em\">M\u00e9dicos Pat\u00f3logos<\/h3>\n\n\n\n<p class=\"has-text-align-left\" style=\"font-size:1.5em\">Dr. Horacio Vicente Maturi<br>Dra. Mar\u00eda Griselda Rivadulla<br>Dra. Elisa Panelli<br>Dra. Brenda C\u00f3rdoba<br>Dra. Anabel Barrientos<\/p>\n\n\n\n<p><\/p>\n<\/div>\n\n\n\n<div class=\"wp-block-column is-layout-flow wp-block-column-is-layout-flow\">\n<h3 class=\"wp-block-heading has-text-align-center\" style=\"font-size:2em\">T\u00e9cnicos<\/h3>\n\n\n\n<p class=\"has-text-align-left\" style=\"font-size:1.5em\">Liliana Albornoz<br>Sandra Paola Gelves<\/p>\n<\/div>\n<\/div>\n\n\n\n<p><\/p>\n\n\n\n<div class=\"wp-block-columns is-layout-flex wp-container-core-columns-is-layout-9d6595d7 wp-block-columns-is-layout-flex\">\n<div class=\"wp-block-column is-layout-flow wp-block-column-is-layout-flow\">\n<h3 class=\"wp-block-heading has-text-align-center\" style=\"font-size:2em\">Supervisora General<\/h3>\n\n\n\n<p class=\"has-text-align-center\" style=\"font-size:1.5em\">Mar\u00eda Jos\u00e9 Valle Franco<\/p>\n\n\n\n<h3 class=\"wp-block-heading has-text-align-center\" style=\"font-size:2em\">Supervisora Administrativa<\/h3>\n\n\n\n<p class=\"has-text-align-center\" style=\"font-size:1.5em\">Adriana De Liberato<\/p>\n<\/div>\n\n\n\n<div class=\"wp-block-column is-layout-flow wp-block-column-is-layout-flow\">\n<h3 class=\"wp-block-heading has-text-align-center\" style=\"font-size:2em\">Secretarias<\/h3>\n\n\n\n<p class=\"has-text-align-left\" style=\"font-size:1.5em\">Marcela Banderet<br>Mariela Bautista<br>Carina Soledad Felix<br>Karim Lopez<\/p>\n<\/div>\n<\/div>\n","protected":false},"excerpt":{"rendered":"<p>M\u00e9dicos Pat\u00f3logos Dr. Horacio Vicente MaturiDra. Mar\u00eda Griselda RivadullaDra. Elisa PanelliDra. Brenda C\u00f3rdobaDra. Anabel Barrientos T\u00e9cnicos Liliana AlbornozSandra Paola Gelves Supervisora General Mar\u00eda Jos\u00e9 Valle Franco Supervisora Administrativa Adriana De Liberato Secretarias Marcela BanderetMariela BautistaCarina Soledad FelixKarim Lopez<\/p>\n","protected":false},"author":1,"featured_media":0,"parent":0,"menu_order":0,"comment_status":"closed","ping_status":"closed","template":"","meta":{"footnotes":""},"class_list":["post-19","page","type-page","status-publish","hentry"],"yoast_head":"<!-- This site is optimized with the Yoast SEO plugin v21.6 - https:\/\/yoast.com\/wordpress\/plugins\/seo\/ -->\n<title>Personal del Laboratorio - Laboratorio Maturi<\/title>\n<meta name=\"robots\" content=\"index, follow, max-snippet:-1, max-image-preview:large, max-video-preview:-1\" \/>\n<link rel=\"canonical\" href=\"https:\/\/laboratoriomaturi.com.ar\/?page_id=19\" \/>\n<meta property=\"og:locale\" content=\"es_ES\" \/>\n<meta property=\"og:type\" content=\"article\" \/>\n<meta property=\"og:title\" content=\"Personal del Laboratorio - Laboratorio Maturi\" \/>\n<meta property=\"og:description\" content=\"M\u00e9dicos Pat\u00f3logos Dr. Horacio Vicente MaturiDra. Mar\u00eda Griselda RivadullaDra. Elisa PanelliDra. Brenda C\u00f3rdobaDra. Anabel Barrientos T\u00e9cnicos Liliana AlbornozSandra Paola Gelves Supervisora General Mar\u00eda Jos\u00e9 Valle Franco Supervisora Administrativa Adriana De Liberato Secretarias Marcela BanderetMariela BautistaCarina Soledad FelixKarim Lopez\" \/>\n<meta property=\"og:url\" content=\"https:\/\/laboratoriomaturi.com.ar\/?page_id=19\" \/>\n<meta property=\"og:site_name\" content=\"Laboratorio Maturi\" \/>\n<meta property=\"article:modified_time\" content=\"2025-05-15T21:35:00+00:00\" \/>\n<meta name=\"twitter:card\" content=\"summary_large_image\" \/>\n<meta name=\"twitter:label1\" content=\"Tiempo de lectura\" \/>\n\t<meta name=\"twitter:data1\" content=\"1 minuto\" \/>\n<script type=\"application\/ld+json\" class=\"yoast-schema-graph\">{\"@context\":\"https:\/\/schema.org\",\"@graph\":[{\"@type\":\"WebPage\",\"@id\":\"https:\/\/laboratoriomaturi.com.ar\/?page_id=19\",\"url\":\"https:\/\/laboratoriomaturi.com.ar\/?page_id=19\",\"name\":\"Personal del Laboratorio - Laboratorio Maturi\",\"isPartOf\":{\"@id\":\"https:\/\/laboratoriomaturi.com.ar\/#website\"},\"datePublished\":\"2021-10-23T17:15:09+00:00\",\"dateModified\":\"2025-05-15T21:35:00+00:00\",\"breadcrumb\":{\"@id\":\"https:\/\/laboratoriomaturi.com.ar\/?page_id=19#breadcrumb\"},\"inLanguage\":\"es-AR\",\"potentialAction\":[{\"@type\":\"ReadAction\",\"target\":[\"https:\/\/laboratoriomaturi.com.ar\/?page_id=19\"]}]},{\"@type\":\"BreadcrumbList\",\"@id\":\"https:\/\/laboratoriomaturi.com.ar\/?page_id=19#breadcrumb\",\"itemListElement\":[{\"@type\":\"ListItem\",\"position\":1,\"name\":\"Inicio\",\"item\":\"https:\/\/laboratoriomaturi.com.ar\/\"},{\"@type\":\"ListItem\",\"position\":2,\"name\":\"Personal del Laboratorio\"}]},{\"@type\":\"WebSite\",\"@id\":\"https:\/\/laboratoriomaturi.com.ar\/#website\",\"url\":\"https:\/\/laboratoriomaturi.com.ar\/\",\"name\":\"Laboratorio Maturi\",\"description\":\"Laboratorio Patol\u00f3gico\",\"potentialAction\":[{\"@type\":\"SearchAction\",\"target\":{\"@type\":\"EntryPoint\",\"urlTemplate\":\"https:\/\/laboratoriomaturi.com.ar\/?s={search_term_string}\"},\"query-input\":\"required name=search_term_string\"}],\"inLanguage\":\"es-AR\"}]}<\/script>\n<!-- \/ Yoast SEO plugin. -->","yoast_head_json":{"title":"Personal del Laboratorio - Laboratorio Maturi","robots":{"index":"index","follow":"follow","max-snippet":"max-snippet:-1","max-image-preview":"max-image-preview:large","max-video-preview":"max-video-preview:-1"},"canonical":"https:\/\/laboratoriomaturi.com.ar\/?page_id=19","og_locale":"es_ES","og_type":"article","og_title":"Personal del Laboratorio - Laboratorio Maturi","og_description":"M\u00e9dicos Pat\u00f3logos Dr. Horacio Vicente MaturiDra. Mar\u00eda Griselda RivadullaDra. Elisa PanelliDra. Brenda C\u00f3rdobaDra. Anabel Barrientos T\u00e9cnicos Liliana AlbornozSandra Paola Gelves Supervisora General Mar\u00eda Jos\u00e9 Valle Franco Supervisora Administrativa Adriana De Liberato Secretarias Marcela BanderetMariela BautistaCarina Soledad FelixKarim Lopez","og_url":"https:\/\/laboratoriomaturi.com.ar\/?page_id=19","og_site_name":"Laboratorio Maturi","article_modified_time":"2025-05-15T21:35:00+00:00","twitter_card":"summary_large_image","twitter_misc":{"Tiempo de lectura":"1 minuto"},"schema":{"@context":"https:\/\/schema.org","@graph":[{"@type":"WebPage","@id":"https:\/\/laboratoriomaturi.com.ar\/?page_id=19","url":"https:\/\/laboratoriomaturi.com.ar\/?page_id=19","name":"Personal del Laboratorio - Laboratorio Maturi","isPartOf":{"@id":"https:\/\/laboratoriomaturi.com.ar\/#website"},"datePublished":"2021-10-23T17:15:09+00:00","dateModified":"2025-05-15T21:35:00+00:00","breadcrumb":{"@id":"https:\/\/laboratoriomaturi.com.ar\/?page_id=19#breadcrumb"},"inLanguage":"es-AR","potentialAction":[{"@type":"ReadAction","target":["https:\/\/laboratoriomaturi.com.ar\/?page_id=19"]}]},{"@type":"BreadcrumbList","@id":"https:\/\/laboratoriomaturi.com.ar\/?page_id=19#breadcrumb","itemListElement":[{"@type":"ListItem","position":1,"name":"Inicio","item":"https:\/\/laboratoriomaturi.com.ar\/"},{"@type":"ListItem","position":2,"name":"Personal del Laboratorio"}]},{"@type":"WebSite","@id":"https:\/\/laboratoriomaturi.com.ar\/#website","url":"https:\/\/laboratoriomaturi.com.ar\/","name":"Laboratorio Maturi","description":"Laboratorio Patol\u00f3gico","potentialAction":[{"@type":"SearchAction","target":{"@type":"EntryPoint","urlTemplate":"https:\/\/laboratoriomaturi.com.ar\/?s={search_term_string}"},"query-input":"required name=search_term_string"}],"inLanguage":"es-AR"}]}},"_links":{"self":[{"href":"https:\/\/laboratoriomaturi.com.ar\/index.php?rest_route=\/wp\/v2\/pages\/19","targetHints":{"allow":["GET"]}}],"collection":[{"href":"https:\/\/laboratoriomaturi.com.ar\/index.php?rest_route=\/wp\/v2\/pages"}],"about":[{"href":"https:\/\/laboratoriomaturi.com.ar\/index.php?rest_route=\/wp\/v2\/types\/page"}],"author":[{"embeddable":true,"href":"https:\/\/laboratoriomaturi.com.ar\/index.php?rest_route=\/wp\/v2\/users\/1"}],"replies":[{"embeddable":true,"href":"https:\/\/laboratoriomaturi.com.ar\/index.php?rest_route=%2Fwp%2Fv2%2Fcomments&post=19"}],"version-history":[{"count":13,"href":"https:\/\/laboratoriomaturi.com.ar\/index.php?rest_route=\/wp\/v2\/pages\/19\/revisions"}],"predecessor-version":[{"id":93,"href":"https:\/\/laboratoriomaturi.com.ar\/index.php?rest_route=\/wp\/v2\/pages\/19\/revisions\/93"}],"wp:attachment":[{"href":"https:\/\/laboratoriomaturi.com.ar\/index.php?rest_route=%2Fwp%2Fv2%2Fmedia&parent=19"}],"curies":[{"name":"wp","href":"https:\/\/api.w.org\/{rel}","templated":true}]}}