{"id":17,"date":"2021-10-23T14:11:21","date_gmt":"2021-10-23T17:11:21","guid":{"rendered":"https:\/\/laboratoriomaturi.com.ar\/?page_id=17"},"modified":"2021-10-23T14:11:22","modified_gmt":"2021-10-23T17:11:22","slug":"instructivos","status":"publish","type":"page","link":"https:\/\/laboratoriomaturi.com.ar\/?page_id=17","title":{"rendered":"Instructivos"},"content":{"rendered":"\n<h2 class=\"wp-block-heading\">Biopsias y piezas operatorias:<\/h2>\n\n\n\n<p>Fijaci\u00f3n del material en formol buffer al 10%.<br>La correcta fijaci\u00f3n del material a examinar es fundamental para asegurar que la muestra sea \u00fatil para efectuar el diagn\u00f3stico.<br>La demora en la inmersi\u00f3n en formol, tambi\u00e9n llamado tiempo de isquemia fr\u00eda, debe ser m\u00ednima, ya que una mala fijaci\u00f3n no puede ser solucionada en etapas posteriores del procesamiento del tejido dificultando el diagn\u00f3stico y la utilizaci\u00f3n de otras t\u00e9cnicas complementarias.<br>El material debe ser colocado en un frasco o bolsa para biopsia en una proporci\u00f3n 1 a 10 muestra \/ formol.<br>El frasco o bolsa debe ser rotulado con los siguientes datos:<\/p>\n\n\n\n<ol class=\"wp-block-list\"><li>Nombre y apellido del paciente.<\/li><li>Fecha de obtenci\u00f3n de la biopsia o pieza<\/li><li>Material remitido<\/li><\/ol>\n\n\n\n<p>Deben acompa\u00f1arse del pedido m\u00e9dico correspondiente que incluya.<\/p>\n\n\n\n<ul class=\"wp-block-list\"><li>Datos del paciente.<\/li><li>Material remitido.<\/li><li>Fecha de obtenci\u00f3n de la biopsia o pieza.<\/li><li>Diagn\u00f3stico presuntivo y datos cl\u00ednicos para correlaci\u00f3n an\u00e1tomo-cl\u00ednica.<\/li><li>Cobertura M\u00e9dica y n\u00famero de afiliado con orden m\u00e9dica correspondiente.<\/li><li>Firma y sello del m\u00e9dico.<\/li><\/ul>\n\n\n\n<h2 class=\"wp-block-heading\">Material citol\u00f3gico:<\/h2>\n\n\n\n<ul class=\"wp-block-list\"><li>Los Papanicolaou ginecol\u00f3gicos ser\u00e1n fijados con alcohol 96 o fijador citol\u00f3gico y remitidos cada uno por separado con su orden m\u00e9dica, aclarando tipo de muestra (ej.: PAP exocervical, endocervical, cytobrush, etc).<\/li><li>Los l\u00edquidos (pleural, peritoneal, intraarticular, contenido de quistes, etc.) ser\u00e1n guardados en HELADERA COM\u00daN SIN AGREGAR ning\u00fan fijador.<\/li><li>El material citol\u00f3gico de lavados bronquiales y de lavado broncoalveolar deben ser remitidos sin ning\u00fan tipo de fijador y los cepillados bronquiales fijados de inmediato en alcohol 96.<\/li><li>Las punciones aspirativas con aguja fina (PAAF) realizadas sin control presencial del pat\u00f3logo, deben ser extendidas por el cirujano o m\u00e9dico intervencionista sobre portaobjetos limpios. Los mismos pueden enviarse en seco o sumergirse en alcohol 96\u00ba para su r\u00e1pida fijaci\u00f3n.<\/li><li>En los casos de punciones \u00f3seas biopsias endosc\u00f3picas u \u00f3rganos profundos agregar al pedido m\u00e9dico una imagen representativa de la lesi\u00f3n (TC, RNM, endoscop\u00eda, o Ecograf\u00eda), con su informe correspondiente o enviarla por mail al laboratorio.<\/li><\/ul>\n\n\n\n<h2 class=\"wp-block-heading\">Inmunohistoqu\u00edmica:<\/h2>\n\n\n\n<p>Esta t\u00e9cnica se aplica sin dificultades en el material fijado en formol e incluido en parafina.<br>El pat\u00f3logo del Laboratorio indicar\u00e1 cuando \u00e9stas t\u00e9cnicas sean necesarias para definir el diagn\u00f3stico, casi siempre en patolog\u00eda tumoral, ya sea para tipificar un tumor o determinar factores pron\u00f3sticos.<br>Tambi\u00e9n pueden ser solicitadas por el m\u00e9dico tratante para identificar anticuerpos de predicci\u00f3n y pron\u00f3stico tumoral .<\/p>\n\n\n\n<h2 class=\"wp-block-heading\">Casos en consulta: revisi\u00f3n de tacos o preparados histol\u00f3gicos:<\/h2>\n\n\n\n<p>En casos de requerir una segunda opini\u00f3n, se solicita ENVIAR taco de parafina dado que puede ser necesario completar el estudio con t\u00e9cnicas complementarias.<br>Con el env\u00edo de preparados histol\u00f3gicos la revisi\u00f3n es m\u00e1s limitada.<br>En ambos casos debe adjuntarse datos cl\u00ednicos del paciente y una copia del informe histopatol\u00f3gico original.<br>Una vez concluido el diagn\u00f3stico se devolver\u00e1 todo el material que recibe junto con el informe de la consulta.<\/p>\n\n\n\n<h2 class=\"wp-block-heading\">Entrega de tacos o preparados histol\u00f3gicos:<\/h2>\n\n\n\n<p>El Laboratorio entregar\u00e1 el material requerido por el paciente con presentaci\u00f3n de una orden m\u00e9dica.<br>La entrega no es inmediata ya que debe buscarse el mismo en el archivo, como as\u00ed ser revisado por un pat\u00f3logo antes de su entrega, para asegurar que el material entregado responda al pedido m\u00e9dico y sea \u00fatil para el pat\u00f3logo revisor.<\/p>\n","protected":false},"excerpt":{"rendered":"<p>Biopsias y piezas operatorias: Fijaci\u00f3n del material en formol buffer al 10%.La correcta fijaci\u00f3n del material a examinar es fundamental para asegurar que la muestra sea \u00fatil para efectuar el diagn\u00f3stico.La demora en la inmersi\u00f3n en formol, tambi\u00e9n llamado tiempo <a href=\"https:\/\/laboratoriomaturi.com.ar\/?page_id=17\" class=\"read-more\">Read More &#8230;<\/a><\/p>\n","protected":false},"author":1,"featured_media":0,"parent":0,"menu_order":0,"comment_status":"closed","ping_status":"closed","template":"","meta":{"footnotes":""},"class_list":["post-17","page","type-page","status-publish","hentry"],"yoast_head":"<!-- This site is optimized with the Yoast SEO plugin v21.6 - https:\/\/yoast.com\/wordpress\/plugins\/seo\/ -->\n<title>Instructivos - Laboratorio Maturi<\/title>\n<meta name=\"robots\" content=\"index, follow, max-snippet:-1, max-image-preview:large, max-video-preview:-1\" \/>\n<link rel=\"canonical\" href=\"https:\/\/laboratoriomaturi.com.ar\/?page_id=17\" \/>\n<meta property=\"og:locale\" content=\"es_ES\" \/>\n<meta property=\"og:type\" content=\"article\" \/>\n<meta property=\"og:title\" content=\"Instructivos - Laboratorio Maturi\" \/>\n<meta property=\"og:description\" content=\"Biopsias y piezas operatorias: Fijaci\u00f3n del material en formol buffer al 10%.La correcta fijaci\u00f3n del material a examinar es fundamental para asegurar que la muestra sea \u00fatil para efectuar el diagn\u00f3stico.La demora en la inmersi\u00f3n en formol, tambi\u00e9n llamado tiempo Read More ...\" \/>\n<meta property=\"og:url\" content=\"https:\/\/laboratoriomaturi.com.ar\/?page_id=17\" \/>\n<meta property=\"og:site_name\" content=\"Laboratorio Maturi\" \/>\n<meta property=\"article:modified_time\" content=\"2021-10-23T17:11:22+00:00\" \/>\n<meta name=\"twitter:card\" content=\"summary_large_image\" \/>\n<meta name=\"twitter:label1\" content=\"Tiempo de lectura\" \/>\n\t<meta name=\"twitter:data1\" content=\"3 minutos\" \/>\n<script type=\"application\/ld+json\" class=\"yoast-schema-graph\">{\"@context\":\"https:\/\/schema.org\",\"@graph\":[{\"@type\":\"WebPage\",\"@id\":\"https:\/\/laboratoriomaturi.com.ar\/?page_id=17\",\"url\":\"https:\/\/laboratoriomaturi.com.ar\/?page_id=17\",\"name\":\"Instructivos - Laboratorio Maturi\",\"isPartOf\":{\"@id\":\"https:\/\/laboratoriomaturi.com.ar\/#website\"},\"datePublished\":\"2021-10-23T17:11:21+00:00\",\"dateModified\":\"2021-10-23T17:11:22+00:00\",\"breadcrumb\":{\"@id\":\"https:\/\/laboratoriomaturi.com.ar\/?page_id=17#breadcrumb\"},\"inLanguage\":\"es-AR\",\"potentialAction\":[{\"@type\":\"ReadAction\",\"target\":[\"https:\/\/laboratoriomaturi.com.ar\/?page_id=17\"]}]},{\"@type\":\"BreadcrumbList\",\"@id\":\"https:\/\/laboratoriomaturi.com.ar\/?page_id=17#breadcrumb\",\"itemListElement\":[{\"@type\":\"ListItem\",\"position\":1,\"name\":\"Inicio\",\"item\":\"https:\/\/laboratoriomaturi.com.ar\/\"},{\"@type\":\"ListItem\",\"position\":2,\"name\":\"Instructivos\"}]},{\"@type\":\"WebSite\",\"@id\":\"https:\/\/laboratoriomaturi.com.ar\/#website\",\"url\":\"https:\/\/laboratoriomaturi.com.ar\/\",\"name\":\"Laboratorio Maturi\",\"description\":\"Laboratorio Patol\u00f3gico\",\"potentialAction\":[{\"@type\":\"SearchAction\",\"target\":{\"@type\":\"EntryPoint\",\"urlTemplate\":\"https:\/\/laboratoriomaturi.com.ar\/?s={search_term_string}\"},\"query-input\":\"required name=search_term_string\"}],\"inLanguage\":\"es-AR\"}]}<\/script>\n<!-- \/ Yoast SEO plugin. -->","yoast_head_json":{"title":"Instructivos - Laboratorio Maturi","robots":{"index":"index","follow":"follow","max-snippet":"max-snippet:-1","max-image-preview":"max-image-preview:large","max-video-preview":"max-video-preview:-1"},"canonical":"https:\/\/laboratoriomaturi.com.ar\/?page_id=17","og_locale":"es_ES","og_type":"article","og_title":"Instructivos - Laboratorio Maturi","og_description":"Biopsias y piezas operatorias: Fijaci\u00f3n del material en formol buffer al 10%.La correcta fijaci\u00f3n del material a examinar es fundamental para asegurar que la muestra sea \u00fatil para efectuar el diagn\u00f3stico.La demora en la inmersi\u00f3n en formol, tambi\u00e9n llamado tiempo Read More ...","og_url":"https:\/\/laboratoriomaturi.com.ar\/?page_id=17","og_site_name":"Laboratorio Maturi","article_modified_time":"2021-10-23T17:11:22+00:00","twitter_card":"summary_large_image","twitter_misc":{"Tiempo de lectura":"3 minutos"},"schema":{"@context":"https:\/\/schema.org","@graph":[{"@type":"WebPage","@id":"https:\/\/laboratoriomaturi.com.ar\/?page_id=17","url":"https:\/\/laboratoriomaturi.com.ar\/?page_id=17","name":"Instructivos - Laboratorio Maturi","isPartOf":{"@id":"https:\/\/laboratoriomaturi.com.ar\/#website"},"datePublished":"2021-10-23T17:11:21+00:00","dateModified":"2021-10-23T17:11:22+00:00","breadcrumb":{"@id":"https:\/\/laboratoriomaturi.com.ar\/?page_id=17#breadcrumb"},"inLanguage":"es-AR","potentialAction":[{"@type":"ReadAction","target":["https:\/\/laboratoriomaturi.com.ar\/?page_id=17"]}]},{"@type":"BreadcrumbList","@id":"https:\/\/laboratoriomaturi.com.ar\/?page_id=17#breadcrumb","itemListElement":[{"@type":"ListItem","position":1,"name":"Inicio","item":"https:\/\/laboratoriomaturi.com.ar\/"},{"@type":"ListItem","position":2,"name":"Instructivos"}]},{"@type":"WebSite","@id":"https:\/\/laboratoriomaturi.com.ar\/#website","url":"https:\/\/laboratoriomaturi.com.ar\/","name":"Laboratorio Maturi","description":"Laboratorio Patol\u00f3gico","potentialAction":[{"@type":"SearchAction","target":{"@type":"EntryPoint","urlTemplate":"https:\/\/laboratoriomaturi.com.ar\/?s={search_term_string}"},"query-input":"required name=search_term_string"}],"inLanguage":"es-AR"}]}},"_links":{"self":[{"href":"https:\/\/laboratoriomaturi.com.ar\/index.php?rest_route=\/wp\/v2\/pages\/17","targetHints":{"allow":["GET"]}}],"collection":[{"href":"https:\/\/laboratoriomaturi.com.ar\/index.php?rest_route=\/wp\/v2\/pages"}],"about":[{"href":"https:\/\/laboratoriomaturi.com.ar\/index.php?rest_route=\/wp\/v2\/types\/page"}],"author":[{"embeddable":true,"href":"https:\/\/laboratoriomaturi.com.ar\/index.php?rest_route=\/wp\/v2\/users\/1"}],"replies":[{"embeddable":true,"href":"https:\/\/laboratoriomaturi.com.ar\/index.php?rest_route=%2Fwp%2Fv2%2Fcomments&post=17"}],"version-history":[{"count":1,"href":"https:\/\/laboratoriomaturi.com.ar\/index.php?rest_route=\/wp\/v2\/pages\/17\/revisions"}],"predecessor-version":[{"id":18,"href":"https:\/\/laboratoriomaturi.com.ar\/index.php?rest_route=\/wp\/v2\/pages\/17\/revisions\/18"}],"wp:attachment":[{"href":"https:\/\/laboratoriomaturi.com.ar\/index.php?rest_route=%2Fwp%2Fv2%2Fmedia&parent=17"}],"curies":[{"name":"wp","href":"https:\/\/api.w.org\/{rel}","templated":true}]}}